{"id":1978,"date":"2022-06-19T15:58:21","date_gmt":"2022-06-19T13:58:21","guid":{"rendered":"https:\/\/vartorp.se\/?page_id=1978"},"modified":"2022-06-26T10:48:25","modified_gmt":"2022-06-26T08:48:25","slug":"celebrations","status":"publish","type":"page","link":"https:\/\/vartorp.se\/sv\/celebrations\/","title":{"rendered":"Celebrations"},"content":{"rendered":"<div data-elementor-type=\"wp-page\" data-elementor-id=\"1978\" class=\"elementor elementor-1978\">\n\t\t\t\t\t\t<div class=\"elementor-inner\">\n\t\t\t\t<div class=\"elementor-section-wrap\">\n\t\t\t\t\t\t\t\t\t<section class=\"elementor-section elementor-top-section elementor-element elementor-element-5d442e53 elementor-section-height-min-height elementor-section-boxed elementor-section-height-default elementor-section-items-middle\" data-id=\"5d442e53\" data-element_type=\"section\" data-settings=\"{&quot;background_background&quot;:&quot;classic&quot;,&quot;jet_parallax_layout_list&quot;:[]}\">\n\t\t\t\t\t\t<div class=\"elementor-container elementor-column-gap-default\">\n\t\t\t\t\t\t\t<div class=\"elementor-row\">\n\t\t\t\t\t<div class=\"elementor-column elementor-col-100 elementor-top-column elementor-element elementor-element-4d0b9495\" data-id=\"4d0b9495\" data-element_type=\"column\">\n\t\t\t<div class=\"elementor-column-wrap\">\n\t\t\t\t\t\t\t<div class=\"elementor-widget-wrap\">\n\t\t\t\t\t\t\t\t<\/div>\n\t\t\t\t\t<\/div>\n\t\t<\/div>\n\t\t\t\t\t\t\t\t<\/div>\n\t\t\t\t\t<\/div>\n\t\t<\/section>\n\t\t\t\t<section class=\"elementor-section elementor-top-section elementor-element elementor-element-4847b2fe elementor-section-boxed elementor-section-height-default elementor-section-height-default\" data-id=\"4847b2fe\" data-element_type=\"section\" data-settings=\"{&quot;background_background&quot;:&quot;classic&quot;,&quot;jet_parallax_layout_list&quot;:[]}\">\n\t\t\t\t\t\t<div class=\"elementor-container elementor-column-gap-default\">\n\t\t\t\t\t\t\t<div class=\"elementor-row\">\n\t\t\t\t\t<div class=\"elementor-column elementor-col-100 elementor-top-column elementor-element elementor-element-4767fe31\" data-id=\"4767fe31\" data-element_type=\"column\">\n\t\t\t<div class=\"elementor-column-wrap elementor-element-populated\">\n\t\t\t\t\t\t\t<div class=\"elementor-widget-wrap\">\n\t\t\t\t\t\t<div class=\"elementor-element elementor-element-689ccbdc elementor-widget elementor-widget-heading\" data-id=\"689ccbdc\" data-element_type=\"widget\" data-widget_type=\"heading.default\">\n\t\t\t\t<div class=\"elementor-widget-container\">\n\t\t\t<h1 class=\"elementor-heading-title elementor-size-default\">Celebrations<\/h1>\t\t<\/div>\n\t\t\t\t<\/div>\n\t\t\t\t<div class=\"elementor-element elementor-element-7ba36d93 elementor-widget elementor-widget-text-editor\" data-id=\"7ba36d93\" data-element_type=\"widget\" data-widget_type=\"text-editor.default\">\n\t\t\t\t<div class=\"elementor-widget-container\">\n\t\t\t\t\t\t\t\t<div class=\"elementor-text-editor elementor-clearfix\">\n\t\t\t\t<p>Vartorps G\u00e5rd \u00e4r ett perfekt st\u00e4lle att samla v\u00e4nner, kollegor, arbetsgruppen eller familjen p\u00e5. H\u00e4r finns stora ytor att umg\u00e5s p\u00e5, l\u00e4get \u00e4r avskilt, v\u00e4ldigt rofyllt och natursk\u00f6nt.<\/p>\t\t\t\t\t<\/div>\n\t\t\t\t\t\t<\/div>\n\t\t\t\t<\/div>\n\t\t\t\t<div class=\"elementor-element elementor-element-87f71bc elementor-widget elementor-widget-text-editor\" data-id=\"87f71bc\" data-element_type=\"widget\" data-widget_type=\"text-editor.default\">\n\t\t\t\t<div class=\"elementor-widget-container\">\n\t\t\t\t\t\t\t\t<div class=\"elementor-text-editor elementor-clearfix\">\n\t\t\t\t<p>There are large areas to hang out in, the location is secluded, very peaceful and scenic. You are welcome to book the entire granary to arrange your very own event.<\/p><p>\u00a0<\/p><p>Weddings, Crayfish party, company kickoff, teambuilding, outdoor day, family reunion or birthday party. Our premises are also suitable for course activities and workshops, do as several companies and book your next education days here at Vartorps G\u00e5rd!<\/p>\t\t\t\t\t<\/div>\n\t\t\t\t\t\t<\/div>\n\t\t\t\t<\/div>\n\t\t\t\t\t\t<\/div>\n\t\t\t\t\t<\/div>\n\t\t<\/div>\n\t\t\t\t\t\t\t\t<\/div>\n\t\t\t\t\t<\/div>\n\t\t<\/section>\n\t\t\t\t<section class=\"elementor-section elementor-top-section elementor-element elementor-element-0f7bbf3 elementor-section-boxed elementor-section-height-default elementor-section-height-default\" data-id=\"0f7bbf3\" data-element_type=\"section\" data-settings=\"{&quot;jet_parallax_layout_list&quot;:[],&quot;background_background&quot;:&quot;classic&quot;}\">\n\t\t\t\t\t\t<div class=\"elementor-container elementor-column-gap-default\">\n\t\t\t\t\t\t\t<div class=\"elementor-row\">\n\t\t\t\t\t<div class=\"elementor-column elementor-col-33 elementor-top-column elementor-element elementor-element-5200120a\" data-id=\"5200120a\" data-element_type=\"column\" data-settings=\"{&quot;background_background&quot;:&quot;classic&quot;}\">\n\t\t\t<div class=\"elementor-column-wrap elementor-element-populated\">\n\t\t\t\t\t\t\t<div class=\"elementor-widget-wrap\">\n\t\t\t\t\t\t<div class=\"elementor-element elementor-element-13fdc1f7 elementor-widget elementor-widget-image\" data-id=\"13fdc1f7\" data-element_type=\"widget\" data-widget_type=\"image.default\">\n\t\t\t\t<div class=\"elementor-widget-container\">\n\t\t\t\t\t\t\t\t<div class=\"elementor-image\">\n\t\t\t\t\t\t\t\t\t\t\t\t<img loading=\"lazy\" decoding=\"async\" width=\"1024\" height=\"683\" src=\"https:\/\/vartorp.se\/wp-content\/uploads\/2022\/06\/platter-food-starters-2009590-1024x683.jpg\" class=\"attachment-large size-large\" alt=\"\" srcset=\"https:\/\/vartorp.se\/wp-content\/uploads\/2022\/06\/platter-food-starters-2009590-1024x683.jpg 1024w, https:\/\/vartorp.se\/wp-content\/uploads\/2022\/06\/platter-food-starters-2009590-300x200.jpg 300w, https:\/\/vartorp.se\/wp-content\/uploads\/2022\/06\/platter-food-starters-2009590-768x512.jpg 768w, https:\/\/vartorp.se\/wp-content\/uploads\/2022\/06\/platter-food-starters-2009590-18x12.jpg 18w, https:\/\/vartorp.se\/wp-content\/uploads\/2022\/06\/platter-food-starters-2009590.jpg 1280w\" sizes=\"auto, (max-width: 1024px) 100vw, 1024px\" \/>\t\t\t\t\t\t\t\t\t\t\t\t\t\t<\/div>\n\t\t\t\t\t\t<\/div>\n\t\t\t\t<\/div>\n\t\t\t\t<div class=\"elementor-element elementor-element-4821abe7 elementor-widget elementor-widget-heading\" data-id=\"4821abe7\" data-element_type=\"widget\" data-widget_type=\"heading.default\">\n\t\t\t\t<div class=\"elementor-widget-container\">\n\t\t\t<h1 class=\"elementor-heading-title elementor-size-default\">Catering<\/h1>\t\t<\/div>\n\t\t\t\t<\/div>\n\t\t\t\t<div class=\"elementor-element elementor-element-6774493b elementor-widget elementor-widget-text-editor\" data-id=\"6774493b\" data-element_type=\"widget\" data-widget_type=\"text-editor.default\">\n\t\t\t\t<div class=\"elementor-widget-container\">\n\t\t\t\t\t\t\t\t<div class=\"elementor-text-editor elementor-clearfix\">\n\t\t\t\t<p>We canhelp you with catering.<\/p>\t\t\t\t\t<\/div>\n\t\t\t\t\t\t<\/div>\n\t\t\t\t<\/div>\n\t\t\t\t<div class=\"elementor-element elementor-element-3591fb5d elementor-align-center elementor-widget elementor-widget-button\" data-id=\"3591fb5d\" data-element_type=\"widget\" data-widget_type=\"button.default\">\n\t\t\t\t<div class=\"elementor-widget-container\">\n\t\t\t\t\t<div class=\"elementor-button-wrapper\">\n\t\t\t<a href=\"https:\/\/vartorp.se\/sv\/_aktiviter\/\" class=\"elementor-button-link elementor-button elementor-size-sm\" role=\"button\">\n\t\t\t\t\t\t<span class=\"elementor-button-content-wrapper\">\n\t\t\t\t\t\t<span class=\"elementor-button-text\">L\u00e4s mer<\/span>\n\t\t<\/span>\n\t\t\t\t\t<\/a>\n\t\t<\/div>\n\t\t\t\t<\/div>\n\t\t\t\t<\/div>\n\t\t\t\t\t\t<\/div>\n\t\t\t\t\t<\/div>\n\t\t<\/div>\n\t\t\t\t<div class=\"elementor-column elementor-col-33 elementor-top-column elementor-element elementor-element-3957064d\" data-id=\"3957064d\" data-element_type=\"column\" data-settings=\"{&quot;background_background&quot;:&quot;classic&quot;}\">\n\t\t\t<div class=\"elementor-column-wrap elementor-element-populated\">\n\t\t\t\t\t\t\t<div class=\"elementor-widget-wrap\">\n\t\t\t\t\t\t<div class=\"elementor-element elementor-element-5b614548 elementor-widget elementor-widget-image\" data-id=\"5b614548\" data-element_type=\"widget\" data-widget_type=\"image.default\">\n\t\t\t\t<div class=\"elementor-widget-container\">\n\t\t\t\t\t\t\t\t<div class=\"elementor-image\">\n\t\t\t\t\t\t\t\t\t\t\t\t<img loading=\"lazy\" decoding=\"async\" width=\"1024\" height=\"681\" src=\"https:\/\/vartorp.se\/wp-content\/uploads\/2022\/06\/heart-wedding-marriage-529607-1024x681.jpg\" class=\"attachment-large size-large\" alt=\"\" srcset=\"https:\/\/vartorp.se\/wp-content\/uploads\/2022\/06\/heart-wedding-marriage-529607-1024x681.jpg 1024w, https:\/\/vartorp.se\/wp-content\/uploads\/2022\/06\/heart-wedding-marriage-529607-300x199.jpg 300w, https:\/\/vartorp.se\/wp-content\/uploads\/2022\/06\/heart-wedding-marriage-529607-768x511.jpg 768w, https:\/\/vartorp.se\/wp-content\/uploads\/2022\/06\/heart-wedding-marriage-529607-18x12.jpg 18w, https:\/\/vartorp.se\/wp-content\/uploads\/2022\/06\/heart-wedding-marriage-529607.jpg 1280w\" sizes=\"auto, (max-width: 1024px) 100vw, 1024px\" \/>\t\t\t\t\t\t\t\t\t\t\t\t\t\t<\/div>\n\t\t\t\t\t\t<\/div>\n\t\t\t\t<\/div>\n\t\t\t\t<div class=\"elementor-element elementor-element-488ae1ba elementor-widget elementor-widget-heading\" data-id=\"488ae1ba\" data-element_type=\"widget\" data-widget_type=\"heading.default\">\n\t\t\t\t<div class=\"elementor-widget-container\">\n\t\t\t<h1 class=\"elementor-heading-title elementor-size-default\">Wedding<\/h1>\t\t<\/div>\n\t\t\t\t<\/div>\n\t\t\t\t<div class=\"elementor-element elementor-element-76b53af2 elementor-widget elementor-widget-text-editor\" data-id=\"76b53af2\" data-element_type=\"widget\" data-widget_type=\"text-editor.default\">\n\t\t\t\t<div class=\"elementor-widget-container\">\n\t\t\t\t\t\t\t\t<div class=\"elementor-text-editor elementor-clearfix\">\n\t\t\t\t<p>Have your wedding at our place<\/p>\t\t\t\t\t<\/div>\n\t\t\t\t\t\t<\/div>\n\t\t\t\t<\/div>\n\t\t\t\t<div class=\"elementor-element elementor-element-3468d0fb elementor-align-center elementor-widget elementor-widget-button\" data-id=\"3468d0fb\" data-element_type=\"widget\" data-widget_type=\"button.default\">\n\t\t\t\t<div class=\"elementor-widget-container\">\n\t\t\t\t\t<div class=\"elementor-button-wrapper\">\n\t\t\t<a href=\"https:\/\/vartorp.se\/sv\/celebrations\/\" class=\"elementor-button-link elementor-button elementor-size-sm\" role=\"button\">\n\t\t\t\t\t\t<span class=\"elementor-button-content-wrapper\">\n\t\t\t\t\t\t<span class=\"elementor-button-text\">L\u00e4s mer<\/span>\n\t\t<\/span>\n\t\t\t\t\t<\/a>\n\t\t<\/div>\n\t\t\t\t<\/div>\n\t\t\t\t<\/div>\n\t\t\t\t\t\t<\/div>\n\t\t\t\t\t<\/div>\n\t\t<\/div>\n\t\t\t\t<div class=\"elementor-column elementor-col-33 elementor-top-column elementor-element elementor-element-2d7930c2\" data-id=\"2d7930c2\" data-element_type=\"column\" data-settings=\"{&quot;background_background&quot;:&quot;classic&quot;}\">\n\t\t\t<div class=\"elementor-column-wrap elementor-element-populated\">\n\t\t\t\t\t\t\t<div class=\"elementor-widget-wrap\">\n\t\t\t\t\t\t<div class=\"elementor-element elementor-element-23e3ffd5 elementor-widget elementor-widget-image\" data-id=\"23e3ffd5\" data-element_type=\"widget\" data-widget_type=\"image.default\">\n\t\t\t\t<div class=\"elementor-widget-container\">\n\t\t\t\t\t\t\t\t<div class=\"elementor-image\">\n\t\t\t\t\t\t\t\t\t\t\t\t<img loading=\"lazy\" decoding=\"async\" width=\"1024\" height=\"682\" src=\"https:\/\/vartorp.se\/wp-content\/uploads\/2022\/06\/people-man-woman-2589091-1024x682.jpg\" class=\"attachment-large size-large\" alt=\"\" srcset=\"https:\/\/vartorp.se\/wp-content\/uploads\/2022\/06\/people-man-woman-2589091-1024x682.jpg 1024w, https:\/\/vartorp.se\/wp-content\/uploads\/2022\/06\/people-man-woman-2589091-300x200.jpg 300w, https:\/\/vartorp.se\/wp-content\/uploads\/2022\/06\/people-man-woman-2589091-768x512.jpg 768w, https:\/\/vartorp.se\/wp-content\/uploads\/2022\/06\/people-man-woman-2589091-18x12.jpg 18w, https:\/\/vartorp.se\/wp-content\/uploads\/2022\/06\/people-man-woman-2589091.jpg 1280w\" sizes=\"auto, (max-width: 1024px) 100vw, 1024px\" \/>\t\t\t\t\t\t\t\t\t\t\t\t\t\t<\/div>\n\t\t\t\t\t\t<\/div>\n\t\t\t\t<\/div>\n\t\t\t\t<div class=\"elementor-element elementor-element-5cc34227 elementor-widget elementor-widget-heading\" data-id=\"5cc34227\" data-element_type=\"widget\" data-widget_type=\"heading.default\">\n\t\t\t\t<div class=\"elementor-widget-container\">\n\t\t\t<h1 class=\"elementor-heading-title elementor-size-default\">Celebrations<\/h1>\t\t<\/div>\n\t\t\t\t<\/div>\n\t\t\t\t<div class=\"elementor-element elementor-element-72215426 elementor-widget elementor-widget-text-editor\" data-id=\"72215426\" data-element_type=\"widget\" data-widget_type=\"text-editor.default\">\n\t\t\t\t<div class=\"elementor-widget-container\">\n\t\t\t\t\t\t\t\t<div class=\"elementor-text-editor elementor-clearfix\">\n\t\t\t\tHave your Celebrations at our place\t\t\t\t\t<\/div>\n\t\t\t\t\t\t<\/div>\n\t\t\t\t<\/div>\n\t\t\t\t<div class=\"elementor-element elementor-element-8896fd9 elementor-align-center elementor-widget elementor-widget-button\" data-id=\"8896fd9\" data-element_type=\"widget\" data-widget_type=\"button.default\">\n\t\t\t\t<div class=\"elementor-widget-container\">\n\t\t\t\t\t<div class=\"elementor-button-wrapper\">\n\t\t\t<a href=\"https:\/\/vartorp.se\/sv\/celebrations\/\" class=\"elementor-button-link elementor-button elementor-size-sm\" role=\"button\">\n\t\t\t\t\t\t<span class=\"elementor-button-content-wrapper\">\n\t\t\t\t\t\t<span class=\"elementor-button-text\">L\u00e4s mer<\/span>\n\t\t<\/span>\n\t\t\t\t\t<\/a>\n\t\t<\/div>\n\t\t\t\t<\/div>\n\t\t\t\t<\/div>\n\t\t\t\t\t\t<\/div>\n\t\t\t\t\t<\/div>\n\t\t<\/div>\n\t\t\t\t\t\t\t\t<\/div>\n\t\t\t\t\t<\/div>\n\t\t<\/section>\n\t\t\t\t<section class=\"elementor-section elementor-top-section elementor-element elementor-element-5e2bed9 elementor-section-boxed elementor-section-height-default elementor-section-height-default\" data-id=\"5e2bed9\" data-element_type=\"section\" data-settings=\"{&quot;jet_parallax_layout_list&quot;:[],&quot;background_background&quot;:&quot;classic&quot;}\">\n\t\t\t\t\t\t<div class=\"elementor-container elementor-column-gap-default\">\n\t\t\t\t\t\t\t<div class=\"elementor-row\">\n\t\t\t\t\t<div class=\"elementor-column elementor-col-100 elementor-top-column elementor-element elementor-element-42dce547\" data-id=\"42dce547\" data-element_type=\"column\">\n\t\t\t<div class=\"elementor-column-wrap elementor-element-populated\">\n\t\t\t\t\t\t\t<div class=\"elementor-widget-wrap\">\n\t\t\t\t\t\t<div class=\"elementor-element elementor-element-162446b5 elementor-widget elementor-widget-gallery\" data-id=\"162446b5\" data-element_type=\"widget\" data-settings=\"{&quot;columns&quot;:3,&quot;lazyload&quot;:&quot;yes&quot;,&quot;gallery_layout&quot;:&quot;grid&quot;,&quot;columns_tablet&quot;:2,&quot;columns_mobile&quot;:1,&quot;gap&quot;:{&quot;unit&quot;:&quot;px&quot;,&quot;size&quot;:10,&quot;sizes&quot;:[]},&quot;gap_tablet&quot;:{&quot;unit&quot;:&quot;px&quot;,&quot;size&quot;:10,&quot;sizes&quot;:[]},&quot;gap_mobile&quot;:{&quot;unit&quot;:&quot;px&quot;,&quot;size&quot;:10,&quot;sizes&quot;:[]},&quot;link_to&quot;:&quot;file&quot;,&quot;aspect_ratio&quot;:&quot;3:2&quot;,&quot;overlay_background&quot;:&quot;yes&quot;,&quot;content_hover_animation&quot;:&quot;fade-in&quot;}\" data-widget_type=\"gallery.default\">\n\t\t\t\t<div class=\"elementor-widget-container\">\n\t\t\t\t\t<div class=\"elementor-gallery__container\">\n\t\t\t\t\t\t\t<a class=\"e-gallery-item elementor-gallery-item elementor-animated-content\" href=\"https:\/\/vartorp.se\/wp-content\/uploads\/2022\/06\/20210528_190300-scaled-1.jpg\" data-elementor-open-lightbox=\"yes\" data-elementor-lightbox-slideshow=\"all-162446b5\" data-elementor-lightbox-title=\"20210528_190300-scaled.jpg\" e-action-hash=\"#elementor-action%3Aaction%3Dlightbox%26settings%3DeyJpZCI6MjY1OCwidXJsIjoiaHR0cHM6XC9cL3ZhcnRvcnAuc2VcL3dwLWNvbnRlbnRcL3VwbG9hZHNcLzIwMjJcLzA2XC8yMDIxMDUyOF8xOTAzMDAtc2NhbGVkLTEuanBnIiwic2xpZGVzaG93IjoiYWxsLTE2MjQ0NmI1In0%3D\">\n\t\t\t\t\t<div class=\"e-gallery-image elementor-gallery-item__image\" data-thumbnail=\"https:\/\/vartorp.se\/wp-content\/uploads\/2022\/06\/20210528_190300-scaled-1-768x576.jpg\" data-width=\"768\" data-height=\"576\" alt=\"\" ><\/div>\n\t\t\t\t\t\t\t\t\t\t\t<div class=\"elementor-gallery-item__overlay\"><\/div>\n\t\t\t\t\t\t\t\t\t\t\t\t\t\t<\/a>\n\t\t\t\t\t\t\t<a class=\"e-gallery-item elementor-gallery-item elementor-animated-content\" href=\"https:\/\/vartorp.se\/wp-content\/uploads\/2022\/06\/210674217_3037651216453947_9089312413741128225_n-1.jpg\" data-elementor-open-lightbox=\"yes\" data-elementor-lightbox-slideshow=\"all-162446b5\" data-elementor-lightbox-title=\"210674217_3037651216453947_9089312413741128225_n.jpg\" e-action-hash=\"#elementor-action%3Aaction%3Dlightbox%26settings%3DeyJpZCI6MjY1NSwidXJsIjoiaHR0cHM6XC9cL3ZhcnRvcnAuc2VcL3dwLWNvbnRlbnRcL3VwbG9hZHNcLzIwMjJcLzA2XC8yMTA2NzQyMTdfMzAzNzY1MTIxNjQ1Mzk0N185MDg5MzEyNDEzNzQxMTI4MjI1X24tMS5qcGciLCJzbGlkZXNob3ciOiJhbGwtMTYyNDQ2YjUifQ%3D%3D\">\n\t\t\t\t\t<div class=\"e-gallery-image elementor-gallery-item__image\" data-thumbnail=\"https:\/\/vartorp.se\/wp-content\/uploads\/2022\/06\/210674217_3037651216453947_9089312413741128225_n-1-768x576.jpg\" data-width=\"768\" data-height=\"576\" alt=\"\" ><\/div>\n\t\t\t\t\t\t\t\t\t\t\t<div class=\"elementor-gallery-item__overlay\"><\/div>\n\t\t\t\t\t\t\t\t\t\t\t\t\t\t<\/a>\n\t\t\t\t\t\t\t<a class=\"e-gallery-item elementor-gallery-item elementor-animated-content\" href=\"https:\/\/vartorp.se\/wp-content\/uploads\/2022\/06\/20210528_184801-scaled-1.jpg\" data-elementor-open-lightbox=\"yes\" data-elementor-lightbox-slideshow=\"all-162446b5\" data-elementor-lightbox-title=\"20210528_184801-scaled.jpg\" e-action-hash=\"#elementor-action%3Aaction%3Dlightbox%26settings%3DeyJpZCI6MjY1OSwidXJsIjoiaHR0cHM6XC9cL3ZhcnRvcnAuc2VcL3dwLWNvbnRlbnRcL3VwbG9hZHNcLzIwMjJcLzA2XC8yMDIxMDUyOF8xODQ4MDEtc2NhbGVkLTEuanBnIiwic2xpZGVzaG93IjoiYWxsLTE2MjQ0NmI1In0%3D\">\n\t\t\t\t\t<div class=\"e-gallery-image elementor-gallery-item__image\" data-thumbnail=\"https:\/\/vartorp.se\/wp-content\/uploads\/2022\/06\/20210528_184801-scaled-1-768x576.jpg\" data-width=\"768\" data-height=\"576\" alt=\"\" ><\/div>\n\t\t\t\t\t\t\t\t\t\t\t<div class=\"elementor-gallery-item__overlay\"><\/div>\n\t\t\t\t\t\t\t\t\t\t\t\t\t\t<\/a>\n\t\t\t\t\t\t\t<a class=\"e-gallery-item elementor-gallery-item elementor-animated-content\" href=\"https:\/\/vartorp.se\/wp-content\/uploads\/2022\/06\/20210528_184647-scaled-1.jpg\" data-elementor-open-lightbox=\"yes\" data-elementor-lightbox-slideshow=\"all-162446b5\" data-elementor-lightbox-title=\"20210528_184647-scaled.jpg\" e-action-hash=\"#elementor-action%3Aaction%3Dlightbox%26settings%3DeyJpZCI6MjY1NywidXJsIjoiaHR0cHM6XC9cL3ZhcnRvcnAuc2VcL3dwLWNvbnRlbnRcL3VwbG9hZHNcLzIwMjJcLzA2XC8yMDIxMDUyOF8xODQ2NDctc2NhbGVkLTEuanBnIiwic2xpZGVzaG93IjoiYWxsLTE2MjQ0NmI1In0%3D\">\n\t\t\t\t\t<div class=\"e-gallery-image elementor-gallery-item__image\" data-thumbnail=\"https:\/\/vartorp.se\/wp-content\/uploads\/2022\/06\/20210528_184647-scaled-1-768x576.jpg\" data-width=\"768\" data-height=\"576\" alt=\"\" ><\/div>\n\t\t\t\t\t\t\t\t\t\t\t<div class=\"elementor-gallery-item__overlay\"><\/div>\n\t\t\t\t\t\t\t\t\t\t\t\t\t\t<\/a>\n\t\t\t\t\t\t\t<a class=\"e-gallery-item elementor-gallery-item elementor-animated-content\" href=\"https:\/\/vartorp.se\/wp-content\/uploads\/2022\/06\/93874086_2665023990383340_6317806891376312320_o-1.jpg\" data-elementor-open-lightbox=\"yes\" data-elementor-lightbox-slideshow=\"all-162446b5\" data-elementor-lightbox-title=\"93874086_2665023990383340_6317806891376312320_o.jpg\" e-action-hash=\"#elementor-action%3Aaction%3Dlightbox%26settings%3DeyJpZCI6MjY1MywidXJsIjoiaHR0cHM6XC9cL3ZhcnRvcnAuc2VcL3dwLWNvbnRlbnRcL3VwbG9hZHNcLzIwMjJcLzA2XC85Mzg3NDA4Nl8yNjY1MDIzOTkwMzgzMzQwXzYzMTc4MDY4OTEzNzYzMTIzMjBfby0xLmpwZyIsInNsaWRlc2hvdyI6ImFsbC0xNjI0NDZiNSJ9\">\n\t\t\t\t\t<div class=\"e-gallery-image elementor-gallery-item__image\" data-thumbnail=\"https:\/\/vartorp.se\/wp-content\/uploads\/2022\/06\/93874086_2665023990383340_6317806891376312320_o-1-768x576.jpg\" data-width=\"768\" data-height=\"576\" alt=\"\" ><\/div>\n\t\t\t\t\t\t\t\t\t\t\t<div class=\"elementor-gallery-item__overlay\"><\/div>\n\t\t\t\t\t\t\t\t\t\t\t\t\t\t<\/a>\n\t\t\t\t\t\t\t<a class=\"e-gallery-item elementor-gallery-item elementor-animated-content\" href=\"https:\/\/vartorp.se\/wp-content\/uploads\/2022\/06\/IMG_2933-1.jpg\" data-elementor-open-lightbox=\"yes\" data-elementor-lightbox-slideshow=\"all-162446b5\" data-elementor-lightbox-title=\"IMG_2933.jpg\" e-action-hash=\"#elementor-action%3Aaction%3Dlightbox%26settings%3DeyJpZCI6MjY1MiwidXJsIjoiaHR0cHM6XC9cL3ZhcnRvcnAuc2VcL3dwLWNvbnRlbnRcL3VwbG9hZHNcLzIwMjJcLzA2XC9JTUdfMjkzMy0xLmpwZyIsInNsaWRlc2hvdyI6ImFsbC0xNjI0NDZiNSJ9\">\n\t\t\t\t\t<div class=\"e-gallery-image elementor-gallery-item__image\" data-thumbnail=\"https:\/\/vartorp.se\/wp-content\/uploads\/2022\/06\/IMG_2933-1-768x576.jpg\" data-width=\"768\" data-height=\"576\" alt=\"\" ><\/div>\n\t\t\t\t\t\t\t\t\t\t\t<div class=\"elementor-gallery-item__overlay\"><\/div>\n\t\t\t\t\t\t\t\t\t\t\t\t\t\t<\/a>\n\t\t\t\t\t\t\t<a class=\"e-gallery-item elementor-gallery-item elementor-animated-content\" href=\"https:\/\/vartorp.se\/wp-content\/uploads\/2022\/06\/13669576_1420442091304301_4047836799029460006_n-1.jpg\" data-elementor-open-lightbox=\"yes\" data-elementor-lightbox-slideshow=\"all-162446b5\" data-elementor-lightbox-title=\"13669576_1420442091304301_4047836799029460006_n.jpg\" e-action-hash=\"#elementor-action%3Aaction%3Dlightbox%26settings%3DeyJpZCI6MjY1MSwidXJsIjoiaHR0cHM6XC9cL3ZhcnRvcnAuc2VcL3dwLWNvbnRlbnRcL3VwbG9hZHNcLzIwMjJcLzA2XC8xMzY2OTU3Nl8xNDIwNDQyMDkxMzA0MzAxXzQwNDc4MzY3OTkwMjk0NjAwMDZfbi0xLmpwZyIsInNsaWRlc2hvdyI6ImFsbC0xNjI0NDZiNSJ9\">\n\t\t\t\t\t<div class=\"e-gallery-image elementor-gallery-item__image\" data-thumbnail=\"https:\/\/vartorp.se\/wp-content\/uploads\/2022\/06\/13669576_1420442091304301_4047836799029460006_n-1.jpg\" data-width=\"628\" data-height=\"626\" alt=\"\" ><\/div>\n\t\t\t\t\t\t\t\t\t\t\t<div class=\"elementor-gallery-item__overlay\"><\/div>\n\t\t\t\t\t\t\t\t\t\t\t\t\t\t<\/a>\n\t\t\t\t\t\t\t<a class=\"e-gallery-item elementor-gallery-item elementor-animated-content\" href=\"https:\/\/vartorp.se\/wp-content\/uploads\/2022\/06\/IMG_2935-scaled-1.jpg\" data-elementor-open-lightbox=\"yes\" data-elementor-lightbox-slideshow=\"all-162446b5\" data-elementor-lightbox-title=\"IMG_2935-scaled.jpg\" e-action-hash=\"#elementor-action%3Aaction%3Dlightbox%26settings%3DeyJpZCI6MjY1NiwidXJsIjoiaHR0cHM6XC9cL3ZhcnRvcnAuc2VcL3dwLWNvbnRlbnRcL3VwbG9hZHNcLzIwMjJcLzA2XC9JTUdfMjkzNS1zY2FsZWQtMS5qcGciLCJzbGlkZXNob3ciOiJhbGwtMTYyNDQ2YjUifQ%3D%3D\">\n\t\t\t\t\t<div class=\"e-gallery-image elementor-gallery-item__image\" data-thumbnail=\"https:\/\/vartorp.se\/wp-content\/uploads\/2022\/06\/IMG_2935-scaled-1-768x576.jpg\" data-width=\"768\" data-height=\"576\" alt=\"\" ><\/div>\n\t\t\t\t\t\t\t\t\t\t\t<div class=\"elementor-gallery-item__overlay\"><\/div>\n\t\t\t\t\t\t\t\t\t\t\t\t\t\t<\/a>\n\t\t\t\t\t\t\t<a class=\"e-gallery-item elementor-gallery-item elementor-animated-content\" href=\"https:\/\/vartorp.se\/wp-content\/uploads\/2022\/06\/todo-1.jpeg\" data-elementor-open-lightbox=\"yes\" data-elementor-lightbox-slideshow=\"all-162446b5\" data-elementor-lightbox-title=\"todo.jpeg\" e-action-hash=\"#elementor-action%3Aaction%3Dlightbox%26settings%3DeyJpZCI6MjY1NCwidXJsIjoiaHR0cHM6XC9cL3ZhcnRvcnAuc2VcL3dwLWNvbnRlbnRcL3VwbG9hZHNcLzIwMjJcLzA2XC90b2RvLTEuanBlZyIsInNsaWRlc2hvdyI6ImFsbC0xNjI0NDZiNSJ9\">\n\t\t\t\t\t<div class=\"e-gallery-image elementor-gallery-item__image\" data-thumbnail=\"https:\/\/vartorp.se\/wp-content\/uploads\/2022\/06\/todo-1.jpeg\" data-width=\"440\" data-height=\"330\" alt=\"\" ><\/div>\n\t\t\t\t\t\t\t\t\t\t\t<div class=\"elementor-gallery-item__overlay\"><\/div>\n\t\t\t\t\t\t\t\t\t\t\t\t\t\t<\/a>\n\t\t\t\t\t<\/div>\n\t\t\t<\/div>\n\t\t\t\t<\/div>\n\t\t\t\t\t\t<\/div>\n\t\t\t\t\t<\/div>\n\t\t<\/div>\n\t\t\t\t\t\t\t\t<\/div>\n\t\t\t\t\t<\/div>\n\t\t<\/section>\n\t\t\t\t\t\t\t\t\t<\/div>\n\t\t\t<\/div>\n\t\t\t\t\t<\/div>","protected":false},"excerpt":{"rendered":"<p>Celebrations Vartorps G\u00e5rd is a perfect place to gather friends, colleagues, workgroup or family. There are large areas to hang out in, the location is secluded, very peaceful and scenic. You are welcome to book the entire granary to arrange your very own event. \u00a0 Weddings, Crayfish party, company kickoff, teambuilding, outdoor day, family reunion &hellip;<\/p>\n<p class=\"read-more\"> <a class=\"\" href=\"https:\/\/vartorp.se\/sv\/celebrations\/\"> <span class=\"screen-reader-text\">Celebrations<\/span> Read More &raquo;<\/a><\/p>","protected":false},"author":1,"featured_media":0,"parent":0,"menu_order":0,"comment_status":"closed","ping_status":"closed","template":"","meta":{"site-sidebar-layout":"no-sidebar","site-content-layout":"page-builder","ast-global-header-display":"","ast-main-header-display":"","ast-hfb-above-header-display":"","ast-hfb-below-header-display":"","ast-hfb-mobile-header-display":"","site-post-title":"disabled","ast-breadcrumbs-content":"","ast-featured-img":"disabled","footer-sml-layout":"","theme-transparent-header-meta":"default","adv-header-id-meta":"","stick-header-meta":"default","header-above-stick-meta":"","header-main-stick-meta":"","header-below-stick-meta":"","footnotes":""},"class_list":["post-1978","page","type-page","status-publish","hentry"],"_links":{"self":[{"href":"https:\/\/vartorp.se\/sv\/wp-json\/wp\/v2\/pages\/1978","targetHints":{"allow":["GET"]}}],"collection":[{"href":"https:\/\/vartorp.se\/sv\/wp-json\/wp\/v2\/pages"}],"about":[{"href":"https:\/\/vartorp.se\/sv\/wp-json\/wp\/v2\/types\/page"}],"author":[{"embeddable":true,"href":"https:\/\/vartorp.se\/sv\/wp-json\/wp\/v2\/users\/1"}],"replies":[{"embeddable":true,"href":"https:\/\/vartorp.se\/sv\/wp-json\/wp\/v2\/comments?post=1978"}],"version-history":[{"count":31,"href":"https:\/\/vartorp.se\/sv\/wp-json\/wp\/v2\/pages\/1978\/revisions"}],"predecessor-version":[{"id":2662,"href":"https:\/\/vartorp.se\/sv\/wp-json\/wp\/v2\/pages\/1978\/revisions\/2662"}],"wp:attachment":[{"href":"https:\/\/vartorp.se\/sv\/wp-json\/wp\/v2\/media?parent=1978"}],"curies":[{"name":"wp","href":"https:\/\/api.w.org\/{rel}","templated":true}]}}